{"id":27,"date":"2015-05-10T20:16:29","date_gmt":"2015-05-10T18:16:29","guid":{"rendered":"http:\/\/rose.dpin.de\/?page_id=27"},"modified":"2015-11-16T19:17:08","modified_gmt":"2015-11-16T18:17:08","slug":"hallo","status":"publish","type":"page","link":"https:\/\/rose.dpin.de\/?page_id=27","title":{"rendered":"About"},"content":{"rendered":"<p>Hallo und Willkommen auf meiner kleinen Hompeage.\u00a0\u00a0\u00a0\u00a0\u00a0\u00a0\u00a0\u00a0\u00a0\u00a0\u00a0\u00a0\u00a0\u00a0\u00a0\u00a0\u00a0\u00a0\u00a0\u00a0\u00a0\u00a0\u00a0\u00a0\u00a0\u00a0\u00a0\u00a0\u00a0\u00a0 Hier findet ihr Informationen bez\u00fcglich meiner Schreibprojekte, Medienbeitr\u00e4ge verschiedenster Art und diverse Kritiken bez\u00fcglich Film, Serien, TV und Videospiele aus allen Genres.<\/p>\n<p>Als kleines FAQ hab ich hier ein paar Grundinfos zusammengetragen und w\u00fcnsche euch viel Spa\u00df auf meiner Seite \ud83d\ude42<\/p>\n<p>&nbsp;<\/p>\n<p><em><strong>Bio:<\/strong><\/em><\/p>\n<p><strong>Name:<\/strong> Viktoria<\/p>\n<p><strong>Spitzname: <\/strong>Vicky, Rose, Bramblerose<\/p>\n<p><strong>Alter:\u00a0<\/strong> 27<\/p>\n<p><strong>&#8218;Beruf&#8216;:\u00a0\u00a0\u00a0<\/strong><\/p>\n<ul>\n<li>\u00a0Bachelorabschluss als Linguistin, Literaturwissenschaftlerin<\/li>\n<li>\u00a0seit 2014\/2015 Studentin f\u00fcr interdisziplin\u00e4re\u00a0 Medienwissenschaften<\/li>\n<li>Lektorin\/ Beta-Leserin (auf Anfrage)<\/li>\n<\/ul>\n<p><strong>weitere<\/strong> <strong>Blogs: <\/strong><a href=\"http:\/\/bramble-rose.tumblr.com\/\">http:\/\/bramble-rose.tumblr.com\/<\/a>\u00a0 || <a href=\"http:\/\/www.fanfiktion.de\/u\/Bramblerose\">http:\/\/www.fanfiktion.de\/u\/Bramblerose<\/a><\/p>\n<p><strong>Kontaktdaten:<\/strong> \u00a0auf Anfrage Email, ICQ<\/p>\n<p><strong><span class=\"user_bold\">Meine Interessen:<\/span> <\/strong><br \/>\nBleach, Kyokai No Kanata, Noragami, Psycho Pass, Serial Experiments Lain, uvm.<\/p>\n<p>Alle Werke von: Hinaka Takanaga \/ Shoko Hidaka \/ Kou Yoneda<\/p>\n<p>The Walking Dead, Game of Thrones, Breaking Bad, Der Herr der Ringe, Outlander, Dexter, Invader Zim, Star Trek uvm.<\/p>\n<p>The Evil Within, Silent Hill, Final Fantays, The Legend of Zelda, TellTale Games\u00a0 uvm.<\/p>\n<p>&nbsp;<\/p>\n<p><strong>Zum Thema Schreiben:<\/strong><\/p>\n<ul>\n<li>ich schreibe seit ca. 18 Jahren, schreiben ist mir das Wichtigste<\/li>\n<li>2015 erscheint mein erstes Buch<\/li>\n<li>Revies sind wichtig, als Motivation und Feedback. Autoren haben ein Recht auf Reviews hinzuweisen, sie sind der einzige Lihn in einem einseitgen Geben &amp; Konsumieren-System<\/li>\n<\/ul>\n","protected":false},"excerpt":{"rendered":"<p>Hallo und Willkommen auf meiner kleinen Hompeage.\u00a0\u00a0\u00a0\u00a0\u00a0\u00a0\u00a0\u00a0\u00a0\u00a0\u00a0\u00a0\u00a0\u00a0\u00a0\u00a0\u00a0\u00a0\u00a0\u00a0\u00a0\u00a0\u00a0\u00a0\u00a0\u00a0\u00a0\u00a0\u00a0\u00a0 Hier findet ihr Informationen bez\u00fcglich meiner Schreibprojekte, Medienbeitr\u00e4ge verschiedenster Art und diverse Kritiken bez\u00fcglich Film, Serien, TV und Videospiele aus allen Genres. Als kleines FAQ hab ich hier ein paar Grundinfos zusammengetragen und w\u00fcnsche euch viel Spa\u00df auf meiner Seite \ud83d\ude42 &nbsp; Bio: Name: Viktoria Spitzname: Vicky, Rose, &hellip; <a href=\"https:\/\/rose.dpin.de\/?page_id=27\" class=\"more-link\"><span class=\"screen-reader-text\">About<\/span> weiterlesen <span class=\"meta-nav\">&rarr;<\/span><\/a><\/p>\n","protected":false},"author":1,"featured_media":0,"parent":0,"menu_order":1,"comment_status":"open","ping_status":"closed","template":"","meta":{"footnotes":""},"class_list":["post-27","page","type-page","status-publish","hentry"],"_links":{"self":[{"href":"https:\/\/rose.dpin.de\/index.php?rest_route=\/wp\/v2\/pages\/27","targetHints":{"allow":["GET"]}}],"collection":[{"href":"https:\/\/rose.dpin.de\/index.php?rest_route=\/wp\/v2\/pages"}],"about":[{"href":"https:\/\/rose.dpin.de\/index.php?rest_route=\/wp\/v2\/types\/page"}],"author":[{"embeddable":true,"href":"https:\/\/rose.dpin.de\/index.php?rest_route=\/wp\/v2\/users\/1"}],"replies":[{"embeddable":true,"href":"https:\/\/rose.dpin.de\/index.php?rest_route=%2Fwp%2Fv2%2Fcomments&post=27"}],"version-history":[{"count":10,"href":"https:\/\/rose.dpin.de\/index.php?rest_route=\/wp\/v2\/pages\/27\/revisions"}],"predecessor-version":[{"id":29,"href":"https:\/\/rose.dpin.de\/index.php?rest_route=\/wp\/v2\/pages\/27\/revisions\/29"}],"wp:attachment":[{"href":"https:\/\/rose.dpin.de\/index.php?rest_route=%2Fwp%2Fv2%2Fmedia&parent=27"}],"curies":[{"name":"wp","href":"https:\/\/api.w.org\/{rel}","templated":true}]}}