{"id":24,"date":"2015-05-10T20:08:35","date_gmt":"2015-05-10T18:08:35","guid":{"rendered":"http:\/\/rose.dpin.de\/?page_id=24"},"modified":"2015-11-17T00:54:20","modified_gmt":"2015-11-16T23:54:20","slug":"medienbeitraege","status":"publish","type":"page","link":"https:\/\/rose.dpin.de\/?page_id=24","title":{"rendered":"Medienbeitr\u00e4ge"},"content":{"rendered":"<p><strong>Videoprojekte (u.a. UniVideoMagazin)<\/strong><\/p>\n<ul>\n<li><a href=\"https:\/\/www.youtube.com\/watch?v=mECC24m3zpI\">Ampire V<\/a><\/li>\n<li><a href=\"https:\/\/www.youtube.com\/watch?v=gNTlkQftQcg\">10 Momente, in denen Sie kein Selfie machen sollten<\/a>\u00a0\u00a0\u00a0\u00a0\u00a0\u00a0\u00a0\u00a0\u00a0\u00a0\u00a0\u00a0\u00a0\u00a0\u00a0\u00a0\u00a0\u00a0\u00a0\u00a0\u00a0\u00a0\u00a0\u00a0\u00a0\u00a0\u00a0\u00a0\u00a0 <em>(Gewinner des 38. UniVideomagazins, Kategorie Publikumspreis)<\/em><\/li>\n<li><a href=\"https:\/\/www.youtube.com\/watch?v=O8HCgekcFp0\">F\u00fcr immer Bielefeld <em>(Teaser des Episodenfilms)<\/em><\/a><\/li>\n<li>Fit VS Fun<em><br \/>\n<\/em><\/li>\n<li><a href=\"https:\/\/www.youtube.com\/watch?v=_tWoekjenyQ\">Alles hat ein Ende, nur der Schnurrbart zwei \u00a0 <\/a>\u00a0 \u00a0 \u00a0 \u00a0 \u00a0 \u00a0\u00a0\u00a0\u00a0\u00a0\u00a0\u00a0\u00a0\u00a0\u00a0 \u00a0 \u00a0 \u00a0 \u00a0 \u00a0 \u00a0 \u00a0 \u00a0 \u00a0 \u00a0 \u00a0 \u00a0\u00a0 <em>(Gewinner des 39. UniVideoMagazins, Kategorie Publikumspreis)<\/em><\/li>\n<li>Kurznachricht &#8211; Uni Bielefeld (neuer Campus\/CampusFestival) &#8211; <em>In Produktion<\/em><\/li>\n<\/ul>\n<p>&nbsp;<\/p>\n<p><strong>H\u00f6rspielproduktionen<\/strong><\/p>\n<ul>\n<li>Wei\u00dfes Rauschen <em>(erschienen 2015)<\/em><\/li>\n<\/ul>\n<p style=\"text-align: left;\"><em>&#8218; &#8222;Du hast meine Schwester ermordert! Das war kein Selbstmord&#8230; !&#8220;<\/em><\/p>\n<p style=\"text-align: left;\"><em>Bis zu diesem Anruf l\u00e4uft Dr. Ralph Bleicherts Radiosendung wie jeden Donnerstagabend. Doch der anonyme Vorwurf wirbelt die Vergangenheit auf und f\u00fchrt zu einer Jadg, bei der bald nicht mehr klar ist, wer der J\u00e4ger und wer der Gejagte ist&#8230;&#8216;<\/em><\/p>\n<p><a href=\"http:\/\/rose.dpin.de\/wp-content\/uploads\/2015\/11\/20151116_183918.jpg\"><img loading=\"lazy\" decoding=\"async\" class=\"alignnone size-full wp-image-234\" src=\"http:\/\/rose.dpin.de\/wp-content\/uploads\/2015\/11\/20151116_183918.jpg\" alt=\"20151116_183918\" width=\"2368\" height=\"2272\" srcset=\"https:\/\/rose.dpin.de\/wp-content\/uploads\/2015\/11\/20151116_183918.jpg 2368w, https:\/\/rose.dpin.de\/wp-content\/uploads\/2015\/11\/20151116_183918-300x288.jpg 300w, https:\/\/rose.dpin.de\/wp-content\/uploads\/2015\/11\/20151116_183918-1024x982.jpg 1024w\" sizes=\"auto, (max-width: 2368px) 100vw, 2368px\" \/><\/a><\/p>\n<p><a href=\"http:\/\/rose.dpin.de\/wp-content\/uploads\/2015\/11\/20151116_184011.jpg\"><img loading=\"lazy\" decoding=\"async\" class=\"alignnone size-full wp-image-236\" src=\"http:\/\/rose.dpin.de\/wp-content\/uploads\/2015\/11\/20151116_184011.jpg\" alt=\"20151116_184011\" width=\"3936\" height=\"1896\" srcset=\"https:\/\/rose.dpin.de\/wp-content\/uploads\/2015\/11\/20151116_184011.jpg 3936w, https:\/\/rose.dpin.de\/wp-content\/uploads\/2015\/11\/20151116_184011-300x145.jpg 300w, https:\/\/rose.dpin.de\/wp-content\/uploads\/2015\/11\/20151116_184011-1024x493.jpg 1024w\" sizes=\"auto, (max-width: 3936px) 100vw, 3936px\" \/><\/a><\/p>\n<p>Erwerb: Auf Anfrage\u00a0\u00a0\u00a0\u00a0\u00a0\u00a0\u00a0\u00a0\u00a0\u00a0\u00a0\u00a0\u00a0\u00a0\u00a0\u00a0\u00a0\u00a0\u00a0\u00a0\u00a0\u00a0\u00a0\u00a0\u00a0\u00a0\u00a0\u00a0\u00a0\u00a0\u00a0\u00a0\u00a0\u00a0\u00a0\u00a0\u00a0\u00a0\u00a0\u00a0\u00a0\u00a0\u00a0\u00a0\u00a0\u00a0\u00a0\u00a0\u00a0\u00a0\u00a0\u00a0\u00a0\u00a0\u00a0\u00a0\u00a0\u00a0\u00a0\u00a0\u00a0\u00a0\u00a0\u00a0\u00a0\u00a0\u00a0\u00a0\u00a0\u00a0\u00a0\u00a0\u00a0\u00a0\u00a0\u00a0\u00a0\u00a0\u00a0\u00a0\u00a0\u00a0\u00a0\u00a0\u00a0\u00a0\u00a0\u00a0\u00a0\u00a0\u00a0\u00a0\u00a0\u00a0\u00a0 Preis: 10\u20ac<\/p>\n<p>&nbsp;<\/p>\n<p><strong>Literatur<\/strong><\/p>\n<ul>\n<li>Wei\u00dfes Rauschen &#8211; Roman zum H\u00f6rspiel <em>(erscheint Ende 2015)<\/em><\/li>\n<li>Kognitive F\u00e4higkeiten und moralische Aspekte im Videospiel- Genre \u201eInteraktiver Film\u201c <em>(Bachelorarbeit)<\/em><\/li>\n<\/ul>\n<p>&nbsp;<\/p>\n<p><strong>Private Schreib-Projekte <\/strong>(Druckversionen auf Anfrage)<\/p>\n<ul>\n<li>FF: Downpour<\/li>\n<li>444 Seiten, Softcover<\/li>\n<li>Preis: 17\u20ac<\/li>\n<\/ul>\n<p><em>&#8218;Sie teilen sich eine kurze gemeinsame Vergangenheit, doch als sie zehn Jahre sp\u00e4ter wieder aufeinandertreffen, ist nichts wie es einmal war und die Umst\u00e4nde ihres Wiedersehens grauenhaft&#8230;&#8216;<\/em><\/p>\n<p><a href=\"http:\/\/rose.dpin.de\/wp-content\/uploads\/2015\/11\/20151116_184336.jpg\"><img loading=\"lazy\" decoding=\"async\" class=\"alignnone size-full wp-image-237\" src=\"http:\/\/rose.dpin.de\/wp-content\/uploads\/2015\/11\/20151116_184336.jpg\" alt=\"20151116_184336\" width=\"2320\" height=\"3800\" srcset=\"https:\/\/rose.dpin.de\/wp-content\/uploads\/2015\/11\/20151116_184336.jpg 2320w, https:\/\/rose.dpin.de\/wp-content\/uploads\/2015\/11\/20151116_184336-183x300.jpg 183w, https:\/\/rose.dpin.de\/wp-content\/uploads\/2015\/11\/20151116_184336-625x1024.jpg 625w\" sizes=\"auto, (max-width: 2320px) 100vw, 2320px\" \/><\/a><\/p>\n<p>&nbsp;<\/p>\n<ul>\n<li>\u00a0FF: Jack in the Box<\/li>\n<li>89 Seiten, Softcover<\/li>\n<li>Preis: 9\u20ac<\/li>\n<\/ul>\n<p><em>&#8218; Als Grimmjow eines Nachts urpl\u00f6tzlich von einem gefl\u00fcgelt D\u00f6mon aus dem Schlaf gerissen wird, rechnet er mit dem Schlimmsten und ist bereit, bis in den Tod zu k\u00e4mpfen&#8230; Doch was der K\u00f6nig der Bestien in seinem Schlafgemach auffindet, ver\u00e4ndert sein Leben von Grund auf&#8230;&#8216;<\/em><\/p>\n<p><a href=\"http:\/\/rose.dpin.de\/wp-content\/uploads\/2015\/11\/cobedfr2.bmp\"><img loading=\"lazy\" decoding=\"async\" class=\"alignnone size-full wp-image-240\" src=\"http:\/\/rose.dpin.de\/wp-content\/uploads\/2015\/11\/cobedfr2.bmp\" alt=\"cobedfr2\" width=\"1120\" height=\"1256\" \/><\/a><\/p>\n","protected":false},"excerpt":{"rendered":"<p>Videoprojekte (u.a. UniVideoMagazin) Ampire V 10 Momente, in denen Sie kein Selfie machen sollten\u00a0\u00a0\u00a0\u00a0\u00a0\u00a0\u00a0\u00a0\u00a0\u00a0\u00a0\u00a0\u00a0\u00a0\u00a0\u00a0\u00a0\u00a0\u00a0\u00a0\u00a0\u00a0\u00a0\u00a0\u00a0\u00a0\u00a0\u00a0\u00a0 (Gewinner des 38. UniVideomagazins, Kategorie Publikumspreis) F\u00fcr immer Bielefeld (Teaser des Episodenfilms) Fit VS Fun Alles hat ein Ende, nur der Schnurrbart zwei \u00a0 \u00a0 \u00a0 \u00a0 \u00a0 \u00a0 \u00a0\u00a0\u00a0\u00a0\u00a0\u00a0\u00a0\u00a0\u00a0\u00a0 \u00a0 \u00a0 \u00a0 \u00a0 \u00a0 \u00a0 \u00a0 \u00a0 \u00a0 \u00a0 \u00a0 &hellip; <a href=\"https:\/\/rose.dpin.de\/?page_id=24\" class=\"more-link\"><span class=\"screen-reader-text\">Medienbeitr\u00e4ge<\/span> weiterlesen <span class=\"meta-nav\">&rarr;<\/span><\/a><\/p>\n","protected":false},"author":1,"featured_media":0,"parent":0,"menu_order":0,"comment_status":"open","ping_status":"open","template":"","meta":{"footnotes":""},"class_list":["post-24","page","type-page","status-publish","hentry"],"_links":{"self":[{"href":"https:\/\/rose.dpin.de\/index.php?rest_route=\/wp\/v2\/pages\/24","targetHints":{"allow":["GET"]}}],"collection":[{"href":"https:\/\/rose.dpin.de\/index.php?rest_route=\/wp\/v2\/pages"}],"about":[{"href":"https:\/\/rose.dpin.de\/index.php?rest_route=\/wp\/v2\/types\/page"}],"author":[{"embeddable":true,"href":"https:\/\/rose.dpin.de\/index.php?rest_route=\/wp\/v2\/users\/1"}],"replies":[{"embeddable":true,"href":"https:\/\/rose.dpin.de\/index.php?rest_route=%2Fwp%2Fv2%2Fcomments&post=24"}],"version-history":[{"count":15,"href":"https:\/\/rose.dpin.de\/index.php?rest_route=\/wp\/v2\/pages\/24\/revisions"}],"predecessor-version":[{"id":243,"href":"https:\/\/rose.dpin.de\/index.php?rest_route=\/wp\/v2\/pages\/24\/revisions\/243"}],"wp:attachment":[{"href":"https:\/\/rose.dpin.de\/index.php?rest_route=%2Fwp%2Fv2%2Fmedia&parent=24"}],"curies":[{"name":"wp","href":"https:\/\/api.w.org\/{rel}","templated":true}]}}